{"id":2245,"date":"2022-10-30T22:15:13","date_gmt":"2022-10-30T20:15:13","guid":{"rendered":"https:\/\/marianjoulupukit.fi\/kauppa\/?post_type=product&#038;p=2245"},"modified":"2025-12-24T03:59:18","modified_gmt":"2025-12-24T01:59:18","slug":"joulupukki-24-12-vantaa","status":"publish","type":"product","link":"https:\/\/marianjoulupukit.fi\/kauppa\/tuote\/joulupukki-24-12-vantaa\/","title":{"rendered":"Joulupukki 24.12. Vantaa"},"content":{"rendered":"<p><strong>Joulupukin vierailu jouluaattona 2025 Vantaalla<\/strong><\/p>\n<p>Valitse yll\u00e4 olevasta valikosta sopiva aikav\u00e4li. Ilmoitamme aatonaattona s\u00e4hk\u00f6postilla tai tekstiviestill\u00e4 tarkemman aikav\u00e4lin tunnin tarkkuudella (esim. klo 16-17). Jotta Joulupukin aikataulu ja reitti olisivat mahdollisimman j\u00e4rkevi\u00e4, emme valitettavasti aina voi huomioida tarkkoja aikatoiveita.<\/p>\n<p>Joulupukki soittaa aattona 5-10 minuuttia ennen tuloa, jolloin voitte j\u00e4tt\u00e4\u00e4 lahjakassin oven viereen. Vierailu kest\u00e4\u00e4 noin 10-15 minuuttia.<\/p>\n","protected":false},"excerpt":{"rendered":"<p>Esiintyj\u00e4toimistomme koulutetut joulupukit tekev\u00e4t joulustanne l\u00e4mminhenkisen ja perinteisen juhlan.<\/p>\n","protected":false},"featured_media":168,"comment_status":"closed","ping_status":"closed","template":"","meta":[],"product_cat":[15],"product_tag":[20,23],"_links":{"self":[{"href":"https:\/\/marianjoulupukit.fi\/kauppa\/wp-json\/wp\/v2\/product\/2245"}],"collection":[{"href":"https:\/\/marianjoulupukit.fi\/kauppa\/wp-json\/wp\/v2\/product"}],"about":[{"href":"https:\/\/marianjoulupukit.fi\/kauppa\/wp-json\/wp\/v2\/types\/product"}],"replies":[{"embeddable":true,"href":"https:\/\/marianjoulupukit.fi\/kauppa\/wp-json\/wp\/v2\/comments?post=2245"}],"wp:featuredmedia":[{"embeddable":true,"href":"https:\/\/marianjoulupukit.fi\/kauppa\/wp-json\/wp\/v2\/media\/168"}],"wp:attachment":[{"href":"https:\/\/marianjoulupukit.fi\/kauppa\/wp-json\/wp\/v2\/media?parent=2245"}],"wp:term":[{"taxonomy":"product_cat","embeddable":true,"href":"https:\/\/marianjoulupukit.fi\/kauppa\/wp-json\/wp\/v2\/product_cat?post=2245"},{"taxonomy":"product_tag","embeddable":true,"href":"https:\/\/marianjoulupukit.fi\/kauppa\/wp-json\/wp\/v2\/product_tag?post=2245"}],"curies":[{"name":"wp","href":"https:\/\/api.w.org\/{rel}","templated":true}]}}