{"id":7,"date":"2019-10-24T12:45:47","date_gmt":"2019-10-24T09:45:47","guid":{"rendered":"http:\/\/marianjoulupukit.fi\/kauppa\/?page_id=7"},"modified":"2022-12-03T13:41:20","modified_gmt":"2022-12-03T11:41:20","slug":"kauppa","status":"publish","type":"page","link":"https:\/\/marianjoulupukit.fi\/kauppa\/kauppa\/","title":{"rendered":"Kauppa vanha"},"content":{"rendered":"\t\t<div data-elementor-type=\"wp-page\" data-elementor-id=\"7\" class=\"elementor elementor-7\">\n\t\t\t\t\t\t<div class=\"elementor-inner\">\n\t\t\t\t<div class=\"elementor-section-wrap\">\n\t\t\t\t\t\t\t\t\t<section class=\"elementor-section elementor-top-section elementor-element elementor-element-77d7df4b elementor-section-boxed elementor-section-height-default elementor-section-height-default\" data-id=\"77d7df4b\" data-element_type=\"section\">\n\t\t\t\t\t\t<div class=\"elementor-container elementor-column-gap-default\">\n\t\t\t\t\t\t\t<div class=\"elementor-row\">\n\t\t\t\t\t<div class=\"elementor-column elementor-col-100 elementor-top-column elementor-element elementor-element-2dbfb9eb\" data-id=\"2dbfb9eb\" data-element_type=\"column\">\n\t\t\t<div class=\"elementor-column-wrap elementor-element-populated\">\n\t\t\t\t\t\t\t<div class=\"elementor-widget-wrap\">\n\t\t\t\t\t\t<div class=\"elementor-element elementor-element-7cb2b49 elementor-widget elementor-widget-text-editor\" data-id=\"7cb2b49\" data-element_type=\"widget\" data-widget_type=\"text-editor.default\">\n\t\t\t\t<div class=\"elementor-widget-container\">\n\t\t\t\t\t\t\t\t<div class=\"elementor-text-editor elementor-clearfix\">\n\t\t\t\t<p><a href=\"https:\/\/marianjoulupukit.fi\/kauppa\/wp-content\/uploads\/2019\/10\/slide3-1.jpg\"><img decoding=\"async\" loading=\"lazy\" src=\"https:\/\/marianjoulupukit.fi\/kauppa\/wp-content\/uploads\/2019\/10\/slide3-1.jpg\" alt=\"\" width=\"1400\" height=\"577\" \/><\/a><\/p><p>Marian Joulupukit on esiintyj\u00e4toimisto Marian Helmien palvelu, joka v\u00e4litt\u00e4\u00e4 esiintymistaitoisia ja kokeneita joulupukkeja kotiin sek\u00e4 tilaisuuksiin. Pukkikoulutuksemme k\u00e4yneet Joulupukit ovat valmiina ilahduttamaan kaikenik\u00e4isi\u00e4 joulun juhlijoita.<\/p><div dir=\"auto\"><p>Osta Joulupukin vierailu kotiin suoraan verkkokaupastamme. Maksunv\u00e4litt\u00e4j\u00e4n\u00e4 toimii turvallinen Paytrail-maksupalvelu: k\u00e4yt\u00f6ss\u00e4si ovat kaikki yleiset verkkopankki- ja korttimaksutavat sek\u00e4 lasku\/osamaksuvaihtoehto.<\/p><p>Suuosituimmat ajat varataan nopeasti, joten tilaa Joulupukki ajoissa!<\/p><div dir=\"auto\"><p><strong>Alueet ja hinnat 24.12.2022:<\/strong><\/p><p><strong>Helsinki, Vantaa, Espoo, Kauniainen, Kirkkonummi, Hyvink\u00e4\u00e4, Tuusula, Kerava, J\u00e4rvenp\u00e4\u00e4, H\u00e4meenlinna, Kouvola, Kuopio, Tampere, Turku<br \/><\/strong><\/p><\/div><div dir=\"auto\"><div dir=\"auto\"><table border=\"1\"><tbody><tr><td><strong>Ajankohta<\/strong><\/td><td><strong>Hinta<\/strong><\/td><\/tr><tr><td>klo 10-12<\/td><td>\u00a0 70 \u20ac<\/td><\/tr><tr><td>klo 12-14<\/td><td>\u00a0 100 \u20ac<\/td><\/tr><tr><td>klo 14-16<\/td><td>120 \u20ac<\/td><\/tr><tr><td>klo 16-18<\/td><td>120 \u20ac<\/td><\/tr><tr><td>klo 18-20<\/td><td>110 \u20ac<\/td><\/tr><tr><td>klo 20-21<\/td><td>\u00a0 80 \u20ac<\/td><\/tr><tr><td>Muu p\u00e4iv\u00e4<\/td><td>100 \u20ac<\/td><\/tr><\/tbody><\/table><p><b>Pikkujoulut ja yritystilaisuudet sopimuksen mukaan laskutuksella. Kysy<\/b><b> tarjousta s\u00e4hk\u00f6postilla: marian.joulupukit@gmail.com<\/b><\/p><\/div><div id=\"m92256103688516092\" class=\"mail-message expanded\"><div class=\"mail-message-content collapsible zoom-normal mail-show-images \"><div class=\"clear\"><div dir=\"auto\">\ud83c\udf85 Joulupukki l\u00e4htee matkaan vain ehdottoman terveen\u00e4 ja kiinnitt\u00e4\u00e4 huomiota turvav\u00e4leihin sek\u00e4 k\u00e4sihygieniaan. Pukki voi vierailla my\u00f6s esimerkiksi ulko-ovella, pihalla tai terassilla. Mainitse toiveesi lis\u00e4tietojen antamisen yhteydess\u00e4 (lasten tietojen j\u00e4lkeen). \ud83c\udf85<\/div><\/div><\/div><\/div><\/div><\/div><div dir=\"auto\">\u00a0<\/div><div dir=\"auto\"><div dir=\"auto\"><div id=\"m92256103688516092\" class=\"mail-message expanded\"><div class=\"mail-message-content collapsible zoom-normal mail-show-images \"><div class=\"clear\"><div dir=\"auto\"><span style=\"color: #ff0000;\">UUSI PALVELU TULOSSA<\/span>: Rakennamme parhaillaan Joulupukin pajaa, joten pian onnistuu my\u00f6s livepuhelu pukin kanssa sek\u00e4 vierailu pajalla. Ilmoitamme lis\u00e4tietoja viimeist\u00e4\u00e4n 7. joulukuuta.<\/div><\/div><\/div><\/div><\/div><\/div>\t\t\t\t\t<\/div>\n\t\t\t\t\t\t<\/div>\n\t\t\t\t<\/div>\n\t\t\t\t<div class=\"elementor-element elementor-element-2a18a2e elementor-align-center elementor-widget elementor-widget-button\" data-id=\"2a18a2e\" data-element_type=\"widget\" data-widget_type=\"button.default\">\n\t\t\t\t<div class=\"elementor-widget-container\">\n\t\t\t\t\t<div class=\"elementor-button-wrapper\">\n\t\t\t<a href=\"https:\/\/marianjoulupukit.fi\/kauppa\/\" class=\"elementor-button-link elementor-button elementor-size-sm\" role=\"button\">\n\t\t\t\t\t\t<span class=\"elementor-button-content-wrapper\">\n\t\t\t\t\t\t<span class=\"elementor-button-text\">VARAA PUKKI<\/span>\n\t\t<\/span>\n\t\t\t\t\t<\/a>\n\t\t<\/div>\n\t\t\t\t<\/div>\n\t\t\t\t<\/div>\n\t\t\t\t\t\t<\/div>\n\t\t\t\t\t<\/div>\n\t\t<\/div>\n\t\t\t\t\t\t\t\t<\/div>\n\t\t\t\t\t<\/div>\n\t\t<\/section>\n\t\t\t\t\t\t\t\t\t<\/div>\n\t\t\t<\/div>\n\t\t\t\t\t<\/div>\n\t\t","protected":false},"excerpt":{"rendered":"<p>Marian Joulupukit on esiintyj\u00e4toimisto Marian Helmien palvelu, joka v\u00e4litt\u00e4\u00e4 esiintymistaitoisia ja kokeneita joulupukkeja kotiin sek\u00e4 tilaisuuksiin. Pukkikoulutuksemme k\u00e4yneet Joulupukit ovat valmiina ilahduttamaan kaikenik\u00e4isi\u00e4 joulun juhlijoita. Osta Joulupukin vierailu kotiin suoraan verkkokaupastamme. Maksunv\u00e4litt\u00e4j\u00e4n\u00e4 toimii turvallinen Paytrail-maksupalvelu: k\u00e4yt\u00f6ss\u00e4si ovat kaikki yleiset verkkopankki- ja korttimaksutavat sek\u00e4 lasku\/osamaksuvaihtoehto. Suuosituimmat ajat varataan nopeasti, joten tilaa Joulupukki ajoissa! Alueet ja hinnat [&hellip;]<\/p>\n","protected":false},"author":1,"featured_media":0,"parent":0,"menu_order":0,"comment_status":"closed","ping_status":"closed","template":"elementor_header_footer","meta":[],"_links":{"self":[{"href":"https:\/\/marianjoulupukit.fi\/kauppa\/wp-json\/wp\/v2\/pages\/7"}],"collection":[{"href":"https:\/\/marianjoulupukit.fi\/kauppa\/wp-json\/wp\/v2\/pages"}],"about":[{"href":"https:\/\/marianjoulupukit.fi\/kauppa\/wp-json\/wp\/v2\/types\/page"}],"author":[{"embeddable":true,"href":"https:\/\/marianjoulupukit.fi\/kauppa\/wp-json\/wp\/v2\/users\/1"}],"replies":[{"embeddable":true,"href":"https:\/\/marianjoulupukit.fi\/kauppa\/wp-json\/wp\/v2\/comments?post=7"}],"version-history":[{"count":93,"href":"https:\/\/marianjoulupukit.fi\/kauppa\/wp-json\/wp\/v2\/pages\/7\/revisions"}],"predecessor-version":[{"id":2786,"href":"https:\/\/marianjoulupukit.fi\/kauppa\/wp-json\/wp\/v2\/pages\/7\/revisions\/2786"}],"wp:attachment":[{"href":"https:\/\/marianjoulupukit.fi\/kauppa\/wp-json\/wp\/v2\/media?parent=7"}],"curies":[{"name":"wp","href":"https:\/\/api.w.org\/{rel}","templated":true}]}}